{"id":97,"date":"2022-05-19T15:32:24","date_gmt":"2022-05-19T18:32:24","guid":{"rendered":"https:\/\/fundoverde.cisi.coppe.ufrj.br\/?page_id=97"},"modified":"2022-10-13T11:09:19","modified_gmt":"2022-10-13T14:09:19","slug":"inicio","status":"publish","type":"page","link":"https:\/\/fundoverde.ufrj.br\/en\/","title":{"rendered":"Home"},"content":{"rendered":"<div class=\"wp-block-columns is-layout-flex wp-container-core-columns-is-layout-9d6595d7 wp-block-columns-is-layout-flex\">\r\n<div class=\"wp-block-column is-layout-flow wp-block-column-is-layout-flow\">\r\n<figure class=\"wp-block-image size-full\"><img decoding=\"async\" class=\"wp-image-653\" src=\"https:\/\/fundoverde.ufrj.br\/wp-content\/uploads\/2022\/10\/bicicletas_capa.jpeg\" alt=\"\" \/><\/figure>\r\n<\/div>\r\n\r\n\r\n\r\n<div class=\"wp-block-column is-layout-flow wp-block-column-is-layout-flow\">\r\n<p style=\"text-align: justify;\">Novamente o Fundo Verde est\u00e1 atuando no sistema de compartilhamento de bicicletas Integra UFRJ. Desta vez, a atua\u00e7\u00e3o envolve a expertise na gest\u00e3o de projetos dessa natureza e o financiamento de bolsas de pesquisa e obras na infraestrutura da rede ciclovi\u00e1ria do campus da Cidade Universit\u00e1ria. Os recursos entram como parte da contrapartida ofertada pela UFRJ, dentro do projeto submetido pelo coordenador da iniciativa, professor M\u00e1rcio D&#8217;agosto (PET\/COPPET), no edital FAPERJ. As bolsas t\u00eam como prop\u00f3sito realizar pesquisas para analisar e projetar o uso do sistema dockless de compartilhamento de bicicletas, tendo como campo de experimenta\u00e7\u00e3o o laborat\u00f3rio vivo da cidade universit\u00e1ria. J\u00e1 as obras na infraestrutura da rede ciclovi\u00e1ria tiveram como objetivo dar maior seguran\u00e7a aos usu\u00e1rios e contaram com o apoio fundamental da Prefeitura Universit\u00e1ria no desenvolvimento e fiscaliza\u00e7\u00e3o do servi\u00e7o. Nela foram realizadas reconstru\u00e7\u00e3o de trechos da ciclovia e pintura dos mais de 5 mil metros da ciclovia da ilha do Fund\u00e3o. A execu\u00e7\u00e3o das contrapartidas somam um investimento de mais de R$500mil, onde R$ 196 mil foram destinados a reforma da ciclovia e R$ 330 mil para pagamento de bolsas.<\/p>\r\n\r\n\r\n\r\n<div class=\"wp-block-spacer\" style=\"height: 20px;\" aria-hidden=\"true\">\u00a0<\/div>\r\n\r\n\r\n\r\n<div class=\"wp-block-buttons is-layout-flex wp-block-buttons-is-layout-flex\"><\/div>\r\n<\/div>\r\n<\/div>\r\n\r\n\r\n\r\n<div class=\"wp-block-columns is-layout-flex wp-container-core-columns-is-layout-9d6595d7 wp-block-columns-is-layout-flex\">\r\n<div class=\"wp-block-column is-layout-flow wp-block-column-is-layout-flow\">\r\n<figure class=\"wp-block-image size-full\"><img loading=\"lazy\" decoding=\"async\" width=\"900\" height=\"600\" class=\"wp-image-653\" src=\"https:\/\/fundoverde.ufrj.br\/wp-content\/uploads\/2022\/06\/projetos-banner.png\" alt=\"\" srcset=\"https:\/\/fundoverde.ufrj.br\/wp-content\/uploads\/2022\/06\/projetos-banner.png 900w, https:\/\/fundoverde.ufrj.br\/wp-content\/uploads\/2022\/06\/projetos-banner-300x200.png 300w, https:\/\/fundoverde.ufrj.br\/wp-content\/uploads\/2022\/06\/projetos-banner-768x512.png 768w, https:\/\/fundoverde.ufrj.br\/wp-content\/uploads\/2022\/06\/projetos-banner-18x12.png 18w\" sizes=\"auto, (max-width: 900px) 100vw, 900px\" \/><\/figure>\r\n<\/div>\r\n\r\n\r\n\r\n<div class=\"wp-block-column is-layout-flow wp-block-column-is-layout-flow\">\r\n<p style=\"text-align: justify;\">The projects financed by Fundo Verde operate in different areas, with emphasis on the <a href=\"https:\/\/fundoverde.ufrj.br\/en\/energia\/\">energy<\/a> and <a href=\"https:\/\/fundoverde.ufrj.br\/en\/mobilidade\/\">mobility sectors<\/a>. Regarding <a href=\"https:\/\/fundoverde.ufrj.br\/en\/energia\/\">energy<\/a>, the projects are divided into the <a href=\"https:\/\/fundoverde.ufrj.br\/en\/projetos-2\/eficiencia-energetica\/\">energy efficiency<\/a> and <a href=\"https:\/\/fundoverde.ufrj.br\/en\/geracao-eletrica\/\" data-type=\"URL\" data-id=\"https:\/\/fundoverde.ufrj.br\/geracao-eletrica\/\">electric generation initiatives.<\/a>. For the <a href=\"https:\/\/fundoverde.ufrj.br\/en\/mobilidade\/\">mobility sectors<\/a>, Fundo\nVerde supports projects that create sustainable mobility solutions within and for the Cidade Universit\u00e1ria Campus.<\/p>\r\n\r\n\r\n\r\n<p style=\"text-align: justify;\">From 2014 to 2022, Fundo Verde funded 38 projects involving approximately 50\ncontracts or purchase orders, and 89 scholarship beneficiaries (which participate in\ninspection, analysis and data production).\u00a0<\/p>\r\n\r\n\r\n\r\n<div class=\"wp-block-spacer\" style=\"height: 20px;\" aria-hidden=\"true\">\u00a0<\/div>\r\n\r\n\r\n\r\n<div class=\"wp-block-buttons is-layout-flex wp-block-buttons-is-layout-flex\">\r\n<div class=\"wp-block-button\"><a class=\"wp-block-button__link\" href=\"https:\/\/fundoverde.ufrj.br\/en\/areas-de-atuacao\/\">LEARN MORE<\/a><\/div>\r\n<\/div>\r\n<\/div>\r\n<\/div>\r\n\r\n\r\n\r\n<div class=\"wp-block-spacer\" style=\"height: 71px;\" aria-hidden=\"true\">\u00a0<\/div>\r\n\r\n\r\n\r\n<figure class=\"wp-block-gallery alignfull has-nested-images columns-3 wp-block-gallery-1 is-layout-flex wp-block-gallery-is-layout-flex\">\r\n<figure class=\"wp-block-image size-large is-style-default\"><a href=\"https:\/\/fundoverde.ufrj.br\/en\/geracao-eletrica\/\"><img loading=\"lazy\" decoding=\"async\" width=\"1024\" height=\"327\" data-id=\"672\" class=\"wp-image-672\" src=\"https:\/\/fundoverde.ufrj.br\/wp-content\/uploads\/2022\/06\/slider-FOTOVOLTAICA-1-1024x327.png\" alt=\"\" srcset=\"https:\/\/fundoverde.ufrj.br\/wp-content\/uploads\/2022\/06\/slider-FOTOVOLTAICA-1-1024x327.png 1024w, https:\/\/fundoverde.ufrj.br\/wp-content\/uploads\/2022\/06\/slider-FOTOVOLTAICA-1-300x96.png 300w, https:\/\/fundoverde.ufrj.br\/wp-content\/uploads\/2022\/06\/slider-FOTOVOLTAICA-1-768x245.png 768w, https:\/\/fundoverde.ufrj.br\/wp-content\/uploads\/2022\/06\/slider-FOTOVOLTAICA-1-1536x490.png 1536w, https:\/\/fundoverde.ufrj.br\/wp-content\/uploads\/2022\/06\/slider-FOTOVOLTAICA-1-18x6.png 18w, https:\/\/fundoverde.ufrj.br\/wp-content\/uploads\/2022\/06\/slider-FOTOVOLTAICA-1.png 1880w\" sizes=\"auto, (max-width: 1024px) 100vw, 1024px\" \/><\/a><\/figure>\r\n\r\n\r\n\r\n<figure class=\"wp-block-image size-large is-style-default\"><a href=\"https:\/\/fundoverde.ufrj.br\/en\/areas-de-atuacao\/eficiencia-energetica\/\"><img loading=\"lazy\" decoding=\"async\" width=\"1024\" height=\"327\" data-id=\"292\" class=\"wp-image-292\" src=\"https:\/\/fundoverde.ufrj.br\/wp-content\/uploads\/2022\/05\/slider-eficiencia-1-1024x327.png\" alt=\"\" srcset=\"https:\/\/fundoverde.ufrj.br\/wp-content\/uploads\/2022\/05\/slider-eficiencia-1-1024x327.png 1024w, https:\/\/fundoverde.ufrj.br\/wp-content\/uploads\/2022\/05\/slider-eficiencia-1-300x96.png 300w, https:\/\/fundoverde.ufrj.br\/wp-content\/uploads\/2022\/05\/slider-eficiencia-1-768x245.png 768w, https:\/\/fundoverde.ufrj.br\/wp-content\/uploads\/2022\/05\/slider-eficiencia-1-1536x490.png 1536w, https:\/\/fundoverde.ufrj.br\/wp-content\/uploads\/2022\/05\/slider-eficiencia-1.png 1880w\" sizes=\"auto, (max-width: 1024px) 100vw, 1024px\" \/><\/a><\/figure>\r\n\r\n<figcaption class=\"blocks-gallery-caption\">\r\n<figure class=\"wp-block-gallery alignfull has-nested-images columns-3\">\r\n<figure class=\"wp-block-image size-large is-style-default\"><\/figure>\r\n<\/figure>\r\n<\/figcaption>\r\n<\/figure>\r\n\r\n\r\n\r\n<figure class=\"wp-block-gallery alignfull has-nested-images columns-3 wp-block-gallery-2 is-layout-flex wp-block-gallery-is-layout-flex\">\r\n<figure class=\"wp-block-image size-large is-style-default\"><a href=\"http:\/\/www.integraufrj.com.br\/index.html\" target=\"_blank\" rel=\"noopener\"><img loading=\"lazy\" decoding=\"async\" width=\"1024\" height=\"327\" data-id=\"904\" class=\"wp-image-904\" src=\"https:\/\/fundoverde.ufrj.br\/wp-content\/uploads\/2022\/08\/integra-1-1024x327.png\" alt=\"\" srcset=\"https:\/\/fundoverde.ufrj.br\/wp-content\/uploads\/2022\/08\/integra-1-1024x327.png 1024w, https:\/\/fundoverde.ufrj.br\/wp-content\/uploads\/2022\/08\/integra-1-300x96.png 300w, https:\/\/fundoverde.ufrj.br\/wp-content\/uploads\/2022\/08\/integra-1-768x245.png 768w, https:\/\/fundoverde.ufrj.br\/wp-content\/uploads\/2022\/08\/integra-1-1536x490.png 1536w, https:\/\/fundoverde.ufrj.br\/wp-content\/uploads\/2022\/08\/integra-1-18x6.png 18w, https:\/\/fundoverde.ufrj.br\/wp-content\/uploads\/2022\/08\/integra-1.png 1880w\" sizes=\"auto, (max-width: 1024px) 100vw, 1024px\" \/><\/a><\/figure>\r\n\r\n\r\n\r\n<figure class=\"wp-block-image size-large is-style-default\"><a href=\"https:\/\/fundoverde.ufrj.br\/en\/mobilidade\/\"><img loading=\"lazy\" decoding=\"async\" width=\"1024\" height=\"327\" data-id=\"658\" class=\"wp-image-658\" src=\"https:\/\/fundoverde.ufrj.br\/wp-content\/uploads\/2022\/06\/slider-mobilidade-1024x327.png\" alt=\"\" srcset=\"https:\/\/fundoverde.ufrj.br\/wp-content\/uploads\/2022\/06\/slider-mobilidade-1024x327.png 1024w, https:\/\/fundoverde.ufrj.br\/wp-content\/uploads\/2022\/06\/slider-mobilidade-300x96.png 300w, https:\/\/fundoverde.ufrj.br\/wp-content\/uploads\/2022\/06\/slider-mobilidade-768x245.png 768w, https:\/\/fundoverde.ufrj.br\/wp-content\/uploads\/2022\/06\/slider-mobilidade-1536x490.png 1536w, https:\/\/fundoverde.ufrj.br\/wp-content\/uploads\/2022\/06\/slider-mobilidade-18x6.png 18w, https:\/\/fundoverde.ufrj.br\/wp-content\/uploads\/2022\/06\/slider-mobilidade.png 1880w\" sizes=\"auto, (max-width: 1024px) 100vw, 1024px\" \/><\/a><\/figure>\r\n\r\n<figcaption class=\"blocks-gallery-caption\">\r\n<figure class=\"wp-block-gallery alignfull has-nested-images columns-3\">\r\n<figure class=\"wp-block-image size-large is-style-default\"><\/figure>\r\n<\/figure>\r\n<\/figcaption>\r\n<\/figure>\r\n\r\n\r\n\r\n<div class=\"wp-block-columns is-layout-flex wp-container-core-columns-is-layout-9d6595d7 wp-block-columns-is-layout-flex\">\r\n<div class=\"wp-block-column is-layout-flow wp-block-column-is-layout-flow\">\u00a0<\/div>\r\n<\/div>","protected":false},"excerpt":{"rendered":"<p>Novamente o Fundo Verde est\u00e1 atuando no sistema de compartilhamento de bicicletas Integra UFRJ. Desta vez, a atua\u00e7\u00e3o envolve a expertise na gest\u00e3o de projetos dessa natureza e o financiamento de bolsas de pesquisa e obras na infraestrutura da rede ciclovi\u00e1ria do campus da Cidade Universit\u00e1ria. Os recursos entram como parte da contrapartida ofertada pela&#8230;<\/p>","protected":false},"author":2,"featured_media":671,"parent":0,"menu_order":0,"comment_status":"closed","ping_status":"closed","template":"","meta":{"_kadence_starter_templates_imported_post":false,"_kad_post_transparent":"disable","_kad_post_title":"default","_kad_post_layout":"default","_kad_post_sidebar_id":"","_kad_post_content_style":"default","_kad_post_vertical_padding":"default","_kad_post_feature":"hide","_kad_post_feature_position":"","_kad_post_header":false,"_kad_post_footer":false,"_kad_post_classname":"","footnotes":""},"class_list":["post-97","page","type-page","status-publish","has-post-thumbnail","hentry"],"_links":{"self":[{"href":"https:\/\/fundoverde.ufrj.br\/en\/wp-json\/wp\/v2\/pages\/97","targetHints":{"allow":["GET"]}}],"collection":[{"href":"https:\/\/fundoverde.ufrj.br\/en\/wp-json\/wp\/v2\/pages"}],"about":[{"href":"https:\/\/fundoverde.ufrj.br\/en\/wp-json\/wp\/v2\/types\/page"}],"author":[{"embeddable":true,"href":"https:\/\/fundoverde.ufrj.br\/en\/wp-json\/wp\/v2\/users\/2"}],"replies":[{"embeddable":true,"href":"https:\/\/fundoverde.ufrj.br\/en\/wp-json\/wp\/v2\/comments?post=97"}],"version-history":[{"count":63,"href":"https:\/\/fundoverde.ufrj.br\/en\/wp-json\/wp\/v2\/pages\/97\/revisions"}],"predecessor-version":[{"id":947,"href":"https:\/\/fundoverde.ufrj.br\/en\/wp-json\/wp\/v2\/pages\/97\/revisions\/947"}],"wp:featuredmedia":[{"embeddable":true,"href":"https:\/\/fundoverde.ufrj.br\/en\/wp-json\/wp\/v2\/media\/671"}],"wp:attachment":[{"href":"https:\/\/fundoverde.ufrj.br\/en\/wp-json\/wp\/v2\/media?parent=97"}],"curies":[{"name":"wp","href":"https:\/\/api.w.org\/{rel}","templated":true}]}}