{"id":74,"date":"2022-05-19T13:37:16","date_gmt":"2022-05-19T16:37:16","guid":{"rendered":"https:\/\/fundoverde.cisi.coppe.ufrj.br\/?page_id=74"},"modified":"2022-06-27T13:41:25","modified_gmt":"2022-06-27T16:41:25","slug":"mobilidade","status":"publish","type":"page","link":"https:\/\/fundoverde.ufrj.br\/en\/mobilidade\/","title":{"rendered":"Mobility"},"content":{"rendered":"<p>For the purpose of creating supporting mechanisms to mobility in the university, Fundo\nVerde has financed many different initiatives in the sector in question, which provide\ninternal and external mobility solutions to the <em>campus<\/em>. Below are some of our featured\nprojects:<\/p>\n\n\n\n<div style=\"height:40px\" aria-hidden=\"true\" class=\"wp-block-spacer\"><\/div>\n\n\n\n<hr class=\"wp-block-separator has-alpha-channel-opacity\"\/>\n\n\n\n<h5 class=\"has-theme-palette-4-color has-text-color wp-block-heading\">Integra UFRJ<\/h5>\n\n\n\n<p>This project\u2019s first phase ocurred between 2017 and 2020, providing 60 bicycles and\neight stations. Throughout this period, the project enabled nearly <strong>90,000 trips<\/strong>. In 2022,\nFundo Verde has been supporting the implementation of the new bicycle-sharing\nsystem, whose completion is expected in the second half of the year.<\/p>\n\n\n\n<div class=\"wp-block-columns is-layout-flex wp-container-core-columns-is-layout-9d6595d7 wp-block-columns-is-layout-flex\">\n<div class=\"wp-block-column is-layout-flow wp-block-column-is-layout-flow\">\n<figure class=\"wp-block-image size-large\"><img loading=\"lazy\" decoding=\"async\" width=\"1024\" height=\"575\" src=\"https:\/\/fundoverde.ufrj.br\/wp-content\/uploads\/2022\/06\/integra-edited-1024x575.png\" alt=\"\" class=\"wp-image-575\" srcset=\"https:\/\/fundoverde.ufrj.br\/wp-content\/uploads\/2022\/06\/integra-edited-1024x575.png 1024w, https:\/\/fundoverde.ufrj.br\/wp-content\/uploads\/2022\/06\/integra-edited-300x169.png 300w, https:\/\/fundoverde.ufrj.br\/wp-content\/uploads\/2022\/06\/integra-edited-768x431.png 768w, https:\/\/fundoverde.ufrj.br\/wp-content\/uploads\/2022\/06\/integra-edited-18x10.png 18w, https:\/\/fundoverde.ufrj.br\/wp-content\/uploads\/2022\/06\/integra-edited.png 1086w\" sizes=\"auto, (max-width: 1024px) 100vw, 1024px\" \/><\/figure>\n<\/div>\n\n\n\n<div class=\"wp-block-column is-layout-flow wp-block-column-is-layout-flow\">\n<figure class=\"wp-block-image size-large\"><img loading=\"lazy\" decoding=\"async\" width=\"1086\" height=\"610\" src=\"https:\/\/fundoverde.ufrj.br\/wp-content\/uploads\/2022\/06\/integra2-1-edited.png\" alt=\"\" class=\"wp-image-599\" srcset=\"https:\/\/fundoverde.ufrj.br\/wp-content\/uploads\/2022\/06\/integra2-1-edited.png 1086w, https:\/\/fundoverde.ufrj.br\/wp-content\/uploads\/2022\/06\/integra2-1-edited-300x169.png 300w, https:\/\/fundoverde.ufrj.br\/wp-content\/uploads\/2022\/06\/integra2-1-edited-1024x575.png 1024w, https:\/\/fundoverde.ufrj.br\/wp-content\/uploads\/2022\/06\/integra2-1-edited-768x431.png 768w, https:\/\/fundoverde.ufrj.br\/wp-content\/uploads\/2022\/06\/integra2-1-edited-18x10.png 18w\" sizes=\"auto, (max-width: 1086px) 100vw, 1086px\" \/><\/figure>\n<\/div>\n<\/div>\n\n\n\n<div style=\"height:30px\" aria-hidden=\"true\" class=\"wp-block-spacer\"><\/div>\n\n\n\n<h5 class=\"has-theme-palette-4-color has-text-color wp-block-heading\">Carona\u00ea<\/h5>\n\n\n\n<p>Developed by students and picked out from the \u2018Fundo Verde\nSustainable Solutions \u2013 UFRJ 2014\u2019, contest <a rel=\"noreferrer noopener\" href=\"https:\/\/caronae.org\/\" target=\"_blank\">Carona\u00ea<\/a> is a project whose activities started in 2015. It consists of a mobile application in which students at UFRJ could sign up and find other students who lived in the same region as theirs, thus facilitating the creation of carpooling\ngroups. Between 2016 and 2018, the app had <strong>12,000 registered users<\/strong> and enabled <strong>6,000 rides.<\/strong>.<\/p>\n\n\n\n<p>The project has 10 carpooling spots spread out across the <em>campus<\/em>. This ride-sharing\ntransport system allows for a better rationalization in the use of private transportation in\nroads, as well as a possible reduction in the number of vehicles destined for the Cidade\nUniversit\u00e1ria campus.<\/p>\n\n\n\n<div class=\"wp-block-columns is-layout-flex wp-container-core-columns-is-layout-9d6595d7 wp-block-columns-is-layout-flex\">\n<div class=\"wp-block-column is-layout-flow wp-block-column-is-layout-flow\">\n<figure class=\"wp-block-image size-large\"><img loading=\"lazy\" decoding=\"async\" width=\"1024\" height=\"575\" src=\"https:\/\/fundoverde.ufrj.br\/wp-content\/uploads\/2022\/06\/2016-905245885-caronae-michel.jpg_20160425-edited-1024x575.jpg\" alt=\"\" class=\"wp-image-573\" srcset=\"https:\/\/fundoverde.ufrj.br\/wp-content\/uploads\/2022\/06\/2016-905245885-caronae-michel.jpg_20160425-edited-1024x575.jpg 1024w, https:\/\/fundoverde.ufrj.br\/wp-content\/uploads\/2022\/06\/2016-905245885-caronae-michel.jpg_20160425-edited-300x169.jpg 300w, https:\/\/fundoverde.ufrj.br\/wp-content\/uploads\/2022\/06\/2016-905245885-caronae-michel.jpg_20160425-edited-768x431.jpg 768w, https:\/\/fundoverde.ufrj.br\/wp-content\/uploads\/2022\/06\/2016-905245885-caronae-michel.jpg_20160425-edited-18x10.jpg 18w, https:\/\/fundoverde.ufrj.br\/wp-content\/uploads\/2022\/06\/2016-905245885-caronae-michel.jpg_20160425-edited.jpg 1086w\" sizes=\"auto, (max-width: 1024px) 100vw, 1024px\" \/><\/figure>\n<\/div>\n\n\n\n<div class=\"wp-block-column is-layout-flow wp-block-column-is-layout-flow\">\n<figure class=\"wp-block-image size-large\"><img loading=\"lazy\" decoding=\"async\" width=\"1086\" height=\"610\" src=\"https:\/\/fundoverde.ufrj.br\/wp-content\/uploads\/2022\/06\/caronae-edited.png\" alt=\"\" class=\"wp-image-595\" srcset=\"https:\/\/fundoverde.ufrj.br\/wp-content\/uploads\/2022\/06\/caronae-edited.png 1086w, https:\/\/fundoverde.ufrj.br\/wp-content\/uploads\/2022\/06\/caronae-edited-300x169.png 300w, https:\/\/fundoverde.ufrj.br\/wp-content\/uploads\/2022\/06\/caronae-edited-1024x575.png 1024w, https:\/\/fundoverde.ufrj.br\/wp-content\/uploads\/2022\/06\/caronae-edited-768x431.png 768w, https:\/\/fundoverde.ufrj.br\/wp-content\/uploads\/2022\/06\/caronae-edited-18x10.png 18w\" sizes=\"auto, (max-width: 1086px) 100vw, 1086px\" \/><\/figure>\n<\/div>\n<\/div>\n\n\n\n<div style=\"height:30px\" aria-hidden=\"true\" class=\"wp-block-spacer\"><\/div>\n\n\n\n<h5 class=\"has-theme-palette-4-color has-text-color wp-block-heading\">VAM \u2013 Ve\u00edculos de Apoio a Mobilidade<\/h5>\n\n\n\n<p>The project consisted of a Van and two Jardineiras (electric golf cart-like cars as per the\nmodel in the image below), with its main purpose being that of facilitating the access of\nthe faculty and staff at UFRJ to the Technology Park. In 2016, the most important year\nof its operation, it carried <strong>10,000 passengers.<\/strong><\/p>\n\n\n\n<div class=\"wp-block-columns is-layout-flex wp-container-core-columns-is-layout-9d6595d7 wp-block-columns-is-layout-flex\">\n<div class=\"wp-block-column is-layout-flow wp-block-column-is-layout-flow\">\n<figure class=\"wp-block-image size-large\"><img loading=\"lazy\" decoding=\"async\" width=\"1024\" height=\"575\" src=\"https:\/\/fundoverde.ufrj.br\/wp-content\/uploads\/2022\/06\/jardineira-edited-1024x575.png\" alt=\"\" class=\"wp-image-577\" srcset=\"https:\/\/fundoverde.ufrj.br\/wp-content\/uploads\/2022\/06\/jardineira-edited-1024x575.png 1024w, https:\/\/fundoverde.ufrj.br\/wp-content\/uploads\/2022\/06\/jardineira-edited-300x169.png 300w, https:\/\/fundoverde.ufrj.br\/wp-content\/uploads\/2022\/06\/jardineira-edited-768x431.png 768w, https:\/\/fundoverde.ufrj.br\/wp-content\/uploads\/2022\/06\/jardineira-edited-18x10.png 18w, https:\/\/fundoverde.ufrj.br\/wp-content\/uploads\/2022\/06\/jardineira-edited.png 1086w\" sizes=\"auto, (max-width: 1024px) 100vw, 1024px\" \/><\/figure>\n<\/div>\n\n\n\n<div class=\"wp-block-column is-layout-flow wp-block-column-is-layout-flow\">\n<figure class=\"wp-block-image size-large\"><img loading=\"lazy\" decoding=\"async\" width=\"1086\" height=\"610\" src=\"https:\/\/fundoverde.ufrj.br\/wp-content\/uploads\/2022\/06\/van-edited.png\" alt=\"\" class=\"wp-image-592\" srcset=\"https:\/\/fundoverde.ufrj.br\/wp-content\/uploads\/2022\/06\/van-edited.png 1086w, https:\/\/fundoverde.ufrj.br\/wp-content\/uploads\/2022\/06\/van-edited-300x169.png 300w, https:\/\/fundoverde.ufrj.br\/wp-content\/uploads\/2022\/06\/van-edited-1024x575.png 1024w, https:\/\/fundoverde.ufrj.br\/wp-content\/uploads\/2022\/06\/van-edited-768x431.png 768w, https:\/\/fundoverde.ufrj.br\/wp-content\/uploads\/2022\/06\/van-edited-18x10.png 18w\" sizes=\"auto, (max-width: 1086px) 100vw, 1086px\" \/><\/figure>\n<\/div>\n<\/div>","protected":false},"excerpt":{"rendered":"<p>Com o objetivo de criar mecanismos de suporte \u00e0 mobilidade para a universidade, o Fundo Verde financiou diferentes iniciativas neste setor, que trazem solu\u00e7\u00f5es para a mobilidade interna e externa ao campus. Alguns projetos em destaque: Integra UFRJ Teve sua primeira fase entre 2017 e 2020, com 60 bicicletas e oito esta\u00e7\u00f5es. Durante esse per\u00edodo,&#8230;<\/p>","protected":false},"author":2,"featured_media":628,"parent":0,"menu_order":0,"comment_status":"closed","ping_status":"closed","template":"","meta":{"_kadence_starter_templates_imported_post":false,"_kad_post_transparent":"","_kad_post_title":"default","_kad_post_layout":"","_kad_post_sidebar_id":"","_kad_post_content_style":"","_kad_post_vertical_padding":"","_kad_post_feature":"hide","_kad_post_feature_position":"","_kad_post_header":false,"_kad_post_footer":false,"_kad_post_classname":"","footnotes":""},"class_list":["post-74","page","type-page","status-publish","has-post-thumbnail","hentry"],"_links":{"self":[{"href":"https:\/\/fundoverde.ufrj.br\/en\/wp-json\/wp\/v2\/pages\/74","targetHints":{"allow":["GET"]}}],"collection":[{"href":"https:\/\/fundoverde.ufrj.br\/en\/wp-json\/wp\/v2\/pages"}],"about":[{"href":"https:\/\/fundoverde.ufrj.br\/en\/wp-json\/wp\/v2\/types\/page"}],"author":[{"embeddable":true,"href":"https:\/\/fundoverde.ufrj.br\/en\/wp-json\/wp\/v2\/users\/2"}],"replies":[{"embeddable":true,"href":"https:\/\/fundoverde.ufrj.br\/en\/wp-json\/wp\/v2\/comments?post=74"}],"version-history":[{"count":26,"href":"https:\/\/fundoverde.ufrj.br\/en\/wp-json\/wp\/v2\/pages\/74\/revisions"}],"predecessor-version":[{"id":720,"href":"https:\/\/fundoverde.ufrj.br\/en\/wp-json\/wp\/v2\/pages\/74\/revisions\/720"}],"wp:featuredmedia":[{"embeddable":true,"href":"https:\/\/fundoverde.ufrj.br\/en\/wp-json\/wp\/v2\/media\/628"}],"wp:attachment":[{"href":"https:\/\/fundoverde.ufrj.br\/en\/wp-json\/wp\/v2\/media?parent=74"}],"curies":[{"name":"wp","href":"https:\/\/api.w.org\/{rel}","templated":true}]}}