{"id":66,"date":"2022-05-19T13:33:28","date_gmt":"2022-05-19T16:33:28","guid":{"rendered":"https:\/\/fundoverde.cisi.coppe.ufrj.br\/?page_id=66"},"modified":"2022-07-12T14:57:26","modified_gmt":"2022-07-12T17:57:26","slug":"dados","status":"publish","type":"page","link":"https:\/\/fundoverde.ufrj.br\/en\/dados\/","title":{"rendered":"Data"},"content":{"rendered":"<p>This page provides data on the operation and use of ongoing and completed projects\ncarried out by Fundo Verde. This data is divided into three categories: <a href=\"https:\/\/fundoverde.ufrj.br\/en\/dados-abertos\/\">open data<\/a>, <a href=\"https:\/\/fundoverde.ufrj.br\/en\/relatorios\/\">reports<\/a> and <a href=\"https:\/\/fundoverde.ufrj.br\/en\/sistema-de-monitoramento\/\">monitoring system.<\/a>.<\/p>\n\n\n\n<hr class=\"wp-block-separator has-alpha-channel-opacity\"\/>\n\n\n\n<div class=\"wp-block-columns is-layout-flex wp-container-core-columns-is-layout-9d6595d7 wp-block-columns-is-layout-flex\">\n<div class=\"wp-block-column is-layout-flow wp-block-column-is-layout-flow\">\n<figure class=\"wp-block-image size-large\"><a href=\"https:\/\/fundoverde.ufrj.br\/en\/dados-abertos\/\"><img loading=\"lazy\" decoding=\"async\" width=\"1024\" height=\"615\" src=\"https:\/\/fundoverde.ufrj.br\/wp-content\/uploads\/2022\/07\/slider-dadosabertos-2-1024x615.png\" alt=\"\" class=\"wp-image-855\" srcset=\"https:\/\/fundoverde.ufrj.br\/wp-content\/uploads\/2022\/07\/slider-dadosabertos-2-1024x615.png 1024w, https:\/\/fundoverde.ufrj.br\/wp-content\/uploads\/2022\/07\/slider-dadosabertos-2-300x180.png 300w, https:\/\/fundoverde.ufrj.br\/wp-content\/uploads\/2022\/07\/slider-dadosabertos-2-768x461.png 768w, https:\/\/fundoverde.ufrj.br\/wp-content\/uploads\/2022\/07\/slider-dadosabertos-2-18x12.png 18w, https:\/\/fundoverde.ufrj.br\/wp-content\/uploads\/2022\/07\/slider-dadosabertos-2.png 1086w\" sizes=\"auto, (max-width: 1024px) 100vw, 1024px\" \/><\/a><\/figure>\n<\/div>\n\n\n\n<div class=\"wp-block-column is-layout-flow wp-block-column-is-layout-flow\">\n<figure class=\"wp-block-image size-large\"><a href=\"https:\/\/fundoverde.ufrj.br\/en\/relatorios\/\"><img loading=\"lazy\" decoding=\"async\" width=\"1024\" height=\"615\" src=\"https:\/\/fundoverde.ufrj.br\/wp-content\/uploads\/2022\/07\/slider-relatorios-1024x615.png\" alt=\"\" class=\"wp-image-851\" srcset=\"https:\/\/fundoverde.ufrj.br\/wp-content\/uploads\/2022\/07\/slider-relatorios-1024x615.png 1024w, https:\/\/fundoverde.ufrj.br\/wp-content\/uploads\/2022\/07\/slider-relatorios-300x180.png 300w, https:\/\/fundoverde.ufrj.br\/wp-content\/uploads\/2022\/07\/slider-relatorios-768x461.png 768w, https:\/\/fundoverde.ufrj.br\/wp-content\/uploads\/2022\/07\/slider-relatorios-18x12.png 18w, https:\/\/fundoverde.ufrj.br\/wp-content\/uploads\/2022\/07\/slider-relatorios.png 1086w\" sizes=\"auto, (max-width: 1024px) 100vw, 1024px\" \/><\/a><\/figure>\n<\/div>\n\n\n\n<div class=\"wp-block-column is-layout-flow wp-block-column-is-layout-flow\">\n<figure class=\"wp-block-image size-large\"><a href=\"https:\/\/fundoverde.ufrj.br\/en\/sistema-de-monitoramento\/\"><img loading=\"lazy\" decoding=\"async\" width=\"1024\" height=\"615\" src=\"https:\/\/fundoverde.ufrj.br\/wp-content\/uploads\/2022\/06\/sistema-monitoramento-1024x615.png\" alt=\"\" class=\"wp-image-725\" srcset=\"https:\/\/fundoverde.ufrj.br\/wp-content\/uploads\/2022\/06\/sistema-monitoramento-1024x615.png 1024w, https:\/\/fundoverde.ufrj.br\/wp-content\/uploads\/2022\/06\/sistema-monitoramento-300x180.png 300w, https:\/\/fundoverde.ufrj.br\/wp-content\/uploads\/2022\/06\/sistema-monitoramento-768x461.png 768w, https:\/\/fundoverde.ufrj.br\/wp-content\/uploads\/2022\/06\/sistema-monitoramento-18x12.png 18w, https:\/\/fundoverde.ufrj.br\/wp-content\/uploads\/2022\/06\/sistema-monitoramento.png 1086w\" sizes=\"auto, (max-width: 1024px) 100vw, 1024px\" \/><\/a><\/figure>\n<\/div>\n<\/div>","protected":false},"excerpt":{"rendered":"<p>Nesta p\u00e1gina voc\u00ea tem acesso aos dados de opera\u00e7\u00e3o e uso dos projetos em andamento e j\u00e1 executados pelo Fundo Verde. Eles est\u00e3o divididos em tr\u00eas categorias: dados abertos, relat\u00f3rios e sistema de monitoramento.<\/p>","protected":false},"author":2,"featured_media":713,"parent":0,"menu_order":0,"comment_status":"closed","ping_status":"closed","template":"","meta":{"_kadence_starter_templates_imported_post":false,"_kad_post_transparent":"","_kad_post_title":"","_kad_post_layout":"","_kad_post_sidebar_id":"","_kad_post_content_style":"","_kad_post_vertical_padding":"","_kad_post_feature":"hide","_kad_post_feature_position":"","_kad_post_header":false,"_kad_post_footer":false,"_kad_post_classname":"","footnotes":""},"class_list":["post-66","page","type-page","status-publish","has-post-thumbnail","hentry"],"_links":{"self":[{"href":"https:\/\/fundoverde.ufrj.br\/en\/wp-json\/wp\/v2\/pages\/66","targetHints":{"allow":["GET"]}}],"collection":[{"href":"https:\/\/fundoverde.ufrj.br\/en\/wp-json\/wp\/v2\/pages"}],"about":[{"href":"https:\/\/fundoverde.ufrj.br\/en\/wp-json\/wp\/v2\/types\/page"}],"author":[{"embeddable":true,"href":"https:\/\/fundoverde.ufrj.br\/en\/wp-json\/wp\/v2\/users\/2"}],"replies":[{"embeddable":true,"href":"https:\/\/fundoverde.ufrj.br\/en\/wp-json\/wp\/v2\/comments?post=66"}],"version-history":[{"count":23,"href":"https:\/\/fundoverde.ufrj.br\/en\/wp-json\/wp\/v2\/pages\/66\/revisions"}],"predecessor-version":[{"id":862,"href":"https:\/\/fundoverde.ufrj.br\/en\/wp-json\/wp\/v2\/pages\/66\/revisions\/862"}],"wp:featuredmedia":[{"embeddable":true,"href":"https:\/\/fundoverde.ufrj.br\/en\/wp-json\/wp\/v2\/media\/713"}],"wp:attachment":[{"href":"https:\/\/fundoverde.ufrj.br\/en\/wp-json\/wp\/v2\/media?parent=66"}],"curies":[{"name":"wp","href":"https:\/\/api.w.org\/{rel}","templated":true}]}}