{"id":503,"date":"2022-06-08T15:50:10","date_gmt":"2022-06-08T18:50:10","guid":{"rendered":"https:\/\/fundoverde.cisi.coppe.ufrj.br\/?page_id=503"},"modified":"2022-06-21T13:01:47","modified_gmt":"2022-06-21T16:01:47","slug":"energia","status":"publish","type":"page","link":"https:\/\/fundoverde.ufrj.br\/en\/energia\/","title":{"rendered":"Energy"},"content":{"rendered":"<p>The projects in the energy sector financed by Fundo Verde fall into two categories: <a href=\"https:\/\/fundoverde.ufrj.br\/en\/geracao-eletrica\/\">electric generation initiatives.<\/a> and <a href=\"https:\/\/fundoverde.ufrj.br\/en\/projetos-2\/eficiencia-energetica\/\">energy efficiency<\/a>In the first five years, from 2014 to 2018,\nthe main investments were allocated to photovoltaic energy generation projects. In turn,\nfrom 2019 to 2022, that is, in the last four years, Fundo Verde\u2019s operations were\nfocused on the energy efficiency sector. Each of the areas has particular advantages and\nchallenges for its implementation at the university.<\/p>\n\n\n\n<div style=\"height:20px\" aria-hidden=\"true\" class=\"wp-block-spacer\"><\/div>\n\n\n\n<hr class=\"wp-block-separator has-alpha-channel-opacity is-style-default\"\/>\n\n\n\n<h5 class=\"has-theme-palette-4-color has-text-color wp-block-heading\">Electricity generation through photovoltaic systems on the university\u2019s campus <em>campus<\/em><\/h5>\n\n\n\n<p><strong>Pros:<\/strong> continuous reduction of installation prices; low maintenance required.<\/p>\n\n\n\n<p><strong>Cons:<\/strong> increase in project costs due to the need for public works and works in electricity\nat the installation sites; long payback time.<\/p>\n\n\n\n<h5 class=\"has-theme-palette-4-color has-text-color wp-block-heading\">Actions for energy efficiency<\/h5>\n\n\n\n<p><strong>Pros:<\/strong> despite requiring maintenance, the frequency of maintenance is lowered after the\nprojects, thus enabling indirect savings to the university; some of the actions in question\nare simpler to perform.<\/p>\n\n\n\n<p><strong>Cons:<\/strong>  actions that cause a higher impact will require large investments; projects require\nsome level of periodic maintenance.<\/p>\n\n\n\n<hr class=\"wp-block-separator has-alpha-channel-opacity\"\/>\n\n\n\n<div style=\"height:32px\" aria-hidden=\"true\" class=\"wp-block-spacer\"><\/div>\n\n\n\n<div class=\"wp-block-columns is-layout-flex wp-container-core-columns-is-layout-9d6595d7 wp-block-columns-is-layout-flex\">\n<div class=\"wp-block-column is-layout-flow wp-block-column-is-layout-flow\">\n<p>Fundo Verde\u2019s actions in the energy sector contribute to the <a href=\"https:\/\/ufrj.br\/portal-antigo\/essa-conta-e-de-todos\/\" target=\"_blank\" rel=\"noreferrer noopener\">&#8220;Essa conta \u00e9 de todos&#8221;<\/a>, (This bill belongs to everyone) campaign, created by the Rector\u2019s Office and UFRJ\u2019s\nAdministrative Office to reduce electricity costs at the university.<\/p>\n<\/div>\n\n\n\n<div class=\"wp-block-column is-layout-flow wp-block-column-is-layout-flow\">\n<figure class=\"wp-block-image size-large is-resized\"><img loading=\"lazy\" decoding=\"async\" src=\"https:\/\/fundoverde.ufrj.br\/wp-content\/uploads\/2022\/06\/essa-conta-e-de-todos-Novo-logotipo-01-1-1024x370.jpg\" alt=\"\" class=\"wp-image-560\" width=\"512\" height=\"185\" srcset=\"https:\/\/fundoverde.ufrj.br\/wp-content\/uploads\/2022\/06\/essa-conta-e-de-todos-Novo-logotipo-01-1-1024x370.jpg 1024w, https:\/\/fundoverde.ufrj.br\/wp-content\/uploads\/2022\/06\/essa-conta-e-de-todos-Novo-logotipo-01-1-300x108.jpg 300w, https:\/\/fundoverde.ufrj.br\/wp-content\/uploads\/2022\/06\/essa-conta-e-de-todos-Novo-logotipo-01-1-768x278.jpg 768w, https:\/\/fundoverde.ufrj.br\/wp-content\/uploads\/2022\/06\/essa-conta-e-de-todos-Novo-logotipo-01-1-1536x555.jpg 1536w, https:\/\/fundoverde.ufrj.br\/wp-content\/uploads\/2022\/06\/essa-conta-e-de-todos-Novo-logotipo-01-1-2048x740.jpg 2048w, https:\/\/fundoverde.ufrj.br\/wp-content\/uploads\/2022\/06\/essa-conta-e-de-todos-Novo-logotipo-01-1-18x7.jpg 18w\" sizes=\"auto, (max-width: 512px) 100vw, 512px\" \/><\/figure>\n<\/div>\n<\/div>","protected":false},"excerpt":{"rendered":"<p>Os projetos no setor de energia financiados pelo Fundo Verde se dividem em duas categorias: gera\u00e7\u00e3o el\u00e9trica e efici\u00eancia energ\u00e9tica. Nos primeiros cinco anos, de 2014 a 2018, os principais investimentos foram destinados a projetos de gera\u00e7\u00e3o de energia fotovoltaica. J\u00e1 de 2019 a 2022, nos \u00faltimos quatro anos, as a\u00e7\u00f5es do fundo se concentraram&#8230;<\/p>","protected":false},"author":2,"featured_media":627,"parent":0,"menu_order":0,"comment_status":"closed","ping_status":"closed","template":"","meta":{"_kadence_starter_templates_imported_post":false,"_kad_post_transparent":"","_kad_post_title":"default","_kad_post_layout":"","_kad_post_sidebar_id":"","_kad_post_content_style":"","_kad_post_vertical_padding":"","_kad_post_feature":"hide","_kad_post_feature_position":"","_kad_post_header":false,"_kad_post_footer":false,"_kad_post_classname":"","footnotes":""},"class_list":["post-503","page","type-page","status-publish","has-post-thumbnail","hentry"],"_links":{"self":[{"href":"https:\/\/fundoverde.ufrj.br\/en\/wp-json\/wp\/v2\/pages\/503","targetHints":{"allow":["GET"]}}],"collection":[{"href":"https:\/\/fundoverde.ufrj.br\/en\/wp-json\/wp\/v2\/pages"}],"about":[{"href":"https:\/\/fundoverde.ufrj.br\/en\/wp-json\/wp\/v2\/types\/page"}],"author":[{"embeddable":true,"href":"https:\/\/fundoverde.ufrj.br\/en\/wp-json\/wp\/v2\/users\/2"}],"replies":[{"embeddable":true,"href":"https:\/\/fundoverde.ufrj.br\/en\/wp-json\/wp\/v2\/comments?post=503"}],"version-history":[{"count":27,"href":"https:\/\/fundoverde.ufrj.br\/en\/wp-json\/wp\/v2\/pages\/503\/revisions"}],"predecessor-version":[{"id":618,"href":"https:\/\/fundoverde.ufrj.br\/en\/wp-json\/wp\/v2\/pages\/503\/revisions\/618"}],"wp:featuredmedia":[{"embeddable":true,"href":"https:\/\/fundoverde.ufrj.br\/en\/wp-json\/wp\/v2\/media\/627"}],"wp:attachment":[{"href":"https:\/\/fundoverde.ufrj.br\/en\/wp-json\/wp\/v2\/media?parent=503"}],"curies":[{"name":"wp","href":"https:\/\/api.w.org\/{rel}","templated":true}]}}