{"id":116,"date":"2022-05-23T13:17:10","date_gmt":"2022-05-23T16:17:10","guid":{"rendered":"https:\/\/fundoverde.cisi.coppe.ufrj.br\/?page_id=116"},"modified":"2022-06-08T14:59:01","modified_gmt":"2022-06-08T17:59:01","slug":"sistema-de-energia-solar","status":"publish","type":"page","link":"https:\/\/fundoverde.ufrj.br\/en\/sistema-de-energia-solar\/","title":{"rendered":"Sistema de Energia Fotovoltaica"},"content":{"rendered":"<div class=\"wp-block-columns is-layout-flex wp-container-core-columns-is-layout-9d6595d7 wp-block-columns-is-layout-flex\">\n<div class=\"wp-block-column is-layout-flow wp-block-column-is-layout-flow\" style=\"flex-basis:700px\">\n<p>As of 2014, Fundo Verde has invested approximately <strong>R$ 8 million<\/strong> in the installation of <strong>six photovoltaic systems<\/strong> in the Cidade Universit\u00e1ria campus, for a total power of <strong>810 KWp<\/strong> in photovoltaic energy generation.<\/p>\n\n\n\n<p>Photovoltaic energy generation was chosen by Fundo Verde and UFRJ because such\ntype of local energy generation requires low maintenance and few human resources in\nits operation. Each installed system supplies its corresponding Center and, when its\ngeneration exceeds local consumption, such generated surplus will be deducted from\nanother bill in the university.<\/p>\n<\/div>\n\n\n\n<div class=\"wp-block-column is-layout-flow wp-block-column-is-layout-flow\">\n<figure class=\"wp-block-image size-full is-style-default\"><img loading=\"lazy\" decoding=\"async\" width=\"600\" height=\"300\" src=\"https:\/\/fundoverde.ufrj.br\/wp-content\/uploads\/2022\/06\/imagem1.png\" alt=\"\" class=\"wp-image-302\" srcset=\"https:\/\/fundoverde.ufrj.br\/wp-content\/uploads\/2022\/06\/imagem1.png 600w, https:\/\/fundoverde.ufrj.br\/wp-content\/uploads\/2022\/06\/imagem1-300x150.png 300w\" sizes=\"auto, (max-width: 600px) 100vw, 600px\" \/><\/figure>\n<\/div>\n<\/div>\n\n\n\n<div style=\"height:61px\" aria-hidden=\"true\" class=\"wp-block-spacer\"><\/div>\n\n\n\n<hr class=\"wp-block-separator has-alpha-channel-opacity is-style-default\"\/>\n\n\n\n<div class=\"wp-block-columns is-layout-flex wp-container-core-columns-is-layout-9d6595d7 wp-block-columns-is-layout-flex\">\n<div class=\"wp-block-column is-layout-flow wp-block-column-is-layout-flow\">\n<figure class=\"wp-block-image size-full is-resized is-style-default\"><img decoding=\"async\" src=\"https:\/\/fundoverde.ufrj.br\/wp-content\/uploads\/2022\/06\/Imagem3-edited.png\" alt=\"\" class=\"wp-image-345\" width=\"325\"\/><figcaption><strong>Solar Parking Lot<\/strong><br><strong>Year of installation:<\/strong> 2016<br><strong>Power: <\/strong>100 kWp<br><strong>Estimated energy\ngeneration: <\/strong>140 MWh\/year<\/figcaption><\/figure>\n<\/div>\n\n\n\n<div class=\"wp-block-column is-layout-flow wp-block-column-is-layout-flow\">\n<figure class=\"wp-block-image size-full is-resized is-style-default\"><img decoding=\"async\" src=\"https:\/\/fundoverde.ufrj.br\/wp-content\/uploads\/2022\/06\/Imagem2-edited.png\" alt=\"\" class=\"wp-image-344\" width=\"325\"\/><figcaption><strong>Industrial Zone<\/strong><br><strong>Year of installation:<\/strong> 2020<br><strong>Power: <\/strong>192 kWp<br><strong>Estimated energy\ngeneration: <\/strong>271 MWh\/year<\/figcaption><\/figure>\n<\/div>\n\n\n\n<div class=\"wp-block-column is-layout-flow wp-block-column-is-layout-flow\">\n<figure class=\"wp-block-image size-full is-resized is-style-default\"><img decoding=\"async\" src=\"https:\/\/fundoverde.ufrj.br\/wp-content\/uploads\/2022\/06\/Imagem1-1-edited.png\" alt=\"\" class=\"wp-image-348\" width=\"325\"\/><figcaption><strong>CT-M<\/strong><br><strong>Year of installation:<\/strong> 2019<br><strong>Power: <\/strong>100 kWp<br><strong>Estimated energy\ngeneration: <\/strong>140 MWh\/year<\/figcaption><\/figure>\n<\/div>\n<\/div>\n\n\n\n<div class=\"wp-block-columns is-layout-flex wp-container-core-columns-is-layout-9d6595d7 wp-block-columns-is-layout-flex\">\n<div class=\"wp-block-column is-layout-flow wp-block-column-is-layout-flow\">\n<figure class=\"wp-block-image size-full is-resized is-style-default\"><img decoding=\"async\" src=\"https:\/\/fundoverde.ufrj.br\/wp-content\/uploads\/2022\/06\/cpmr-edited.png\" alt=\"\" class=\"wp-image-355\" width=\"325\"\/><figcaption><strong>CPMR<\/strong><br><strong>Year of installation:<\/strong> 2021<br><strong>Power: <\/strong>92 kWp<br><strong>Estimated energy\ngeneration: <\/strong>128 MWh\/year<\/figcaption><\/figure>\n<\/div>\n\n\n\n<div class=\"wp-block-column is-layout-flow wp-block-column-is-layout-flow\">\n<figure class=\"wp-block-image size-full is-resized is-style-default\"><img decoding=\"async\" src=\"https:\/\/fundoverde.ufrj.br\/wp-content\/uploads\/2022\/06\/hospital-universitario-edited.png\" alt=\"\" class=\"wp-image-358\" width=\"324\"\/><figcaption><strong>University Hospital<\/strong><br><strong>Year of installation:<\/strong> 2022<br><strong>Power: <\/strong>171,6 kWp<br><strong>Estimated energy\ngeneration: <\/strong>133 MWh\/year<\/figcaption><\/figure>\n<\/div>\n\n\n\n<div class=\"wp-block-column is-layout-flow wp-block-column-is-layout-flow\">\n<figure class=\"wp-block-image size-full is-resized is-style-default\"><img decoding=\"async\" src=\"https:\/\/fundoverde.ufrj.br\/wp-content\/uploads\/2022\/06\/ct2-edited-1.png\" alt=\"\" class=\"wp-image-362\" width=\"325\"\/><figcaption><strong>CT2<\/strong><br><strong>Year of installation:<\/strong> 2022 (agosto)<br><strong>Power: <\/strong>150 kWp<br><strong>Estimated energy\ngeneration: <\/strong>210 MWh\/year<\/figcaption><\/figure>\n<\/div>\n<\/div>\n\n\n\n<hr class=\"wp-block-separator has-alpha-channel-opacity is-style-default\"\/>\n\n\n\n<div style=\"height:52px\" aria-hidden=\"true\" class=\"wp-block-spacer\"><\/div>\n\n\n\n<div class=\"wp-block-columns is-layout-flex wp-container-core-columns-is-layout-9d6595d7 wp-block-columns-is-layout-flex\">\n<div class=\"wp-block-column is-layout-flow wp-block-column-is-layout-flow\">\n<p class=\"translation-block\">The following video shows the location of each of the systems within the Cidade\nUniversit\u00e1ria campus.<\/p>\n<\/div>\n\n\n\n<div class=\"wp-block-column is-layout-flow wp-block-column-is-layout-flow\">\n<figure class=\"wp-block-embed is-type-video is-provider-youtube wp-block-embed-youtube wp-embed-aspect-16-9 wp-has-aspect-ratio\"><div class=\"wp-block-embed__wrapper\">\n<iframe loading=\"lazy\" title=\"Recep\u00e7\u00e3o aos Novos Alunos e Aula Inaugural de 2022 com o professor Renato Janine\" width=\"720\" height=\"405\" src=\"https:\/\/www.youtube.com\/embed\/l-HdESljWKQ?feature=oembed\" frameborder=\"0\" allow=\"accelerometer; autoplay; clipboard-write; encrypted-media; gyroscope; picture-in-picture\" allowfullscreen><\/iframe>\n<\/div><\/figure>\n<\/div>\n<\/div>","protected":false},"excerpt":{"rendered":"<p>Desde 2014, o Fundo Verde investiu aproximadamente R$ 8 milh\u00f5es para a instala\u00e7\u00e3o de seis sistemas fotovoltaicos na Cidade Universit\u00e1ria, totalizando uma pot\u00eancia de 810 KWp em gera\u00e7\u00e3o de energia fotovoltaica. A escolha do uso da gera\u00e7\u00e3o fotovoltaica pelo Fundo e pela UFRJ ocorreu por esse tipo de gera\u00e7\u00e3o el\u00e9trica local demandar baixa manuten\u00e7\u00e3o e&#8230;<\/p>","protected":false},"author":2,"featured_media":0,"parent":0,"menu_order":0,"comment_status":"closed","ping_status":"closed","template":"","meta":{"_kadence_starter_templates_imported_post":false,"_kad_post_transparent":"","_kad_post_title":"","_kad_post_layout":"","_kad_post_sidebar_id":"","_kad_post_content_style":"","_kad_post_vertical_padding":"","_kad_post_feature":"hide","_kad_post_feature_position":"","_kad_post_header":false,"_kad_post_footer":false,"_kad_post_classname":"","footnotes":""},"class_list":["post-116","page","type-page","status-publish","hentry"],"_links":{"self":[{"href":"https:\/\/fundoverde.ufrj.br\/en\/wp-json\/wp\/v2\/pages\/116","targetHints":{"allow":["GET"]}}],"collection":[{"href":"https:\/\/fundoverde.ufrj.br\/en\/wp-json\/wp\/v2\/pages"}],"about":[{"href":"https:\/\/fundoverde.ufrj.br\/en\/wp-json\/wp\/v2\/types\/page"}],"author":[{"embeddable":true,"href":"https:\/\/fundoverde.ufrj.br\/en\/wp-json\/wp\/v2\/users\/2"}],"replies":[{"embeddable":true,"href":"https:\/\/fundoverde.ufrj.br\/en\/wp-json\/wp\/v2\/comments?post=116"}],"version-history":[{"count":45,"href":"https:\/\/fundoverde.ufrj.br\/en\/wp-json\/wp\/v2\/pages\/116\/revisions"}],"predecessor-version":[{"id":495,"href":"https:\/\/fundoverde.ufrj.br\/en\/wp-json\/wp\/v2\/pages\/116\/revisions\/495"}],"wp:attachment":[{"href":"https:\/\/fundoverde.ufrj.br\/en\/wp-json\/wp\/v2\/media?parent=116"}],"curies":[{"name":"wp","href":"https:\/\/api.w.org\/{rel}","templated":true}]}}